{"id":5706,"date":"2023-06-13T15:10:22","date_gmt":"2023-06-13T13:10:22","guid":{"rendered":"https:\/\/staging.ibsaderma.de\/imperfect\/"},"modified":"2025-07-14T16:47:42","modified_gmt":"2025-07-14T14:47:42","slug":"imperfect","status":"publish","type":"page","link":"https:\/\/www.ibsaderma.de\/de\/imperfect\/","title":{"rendered":"I&#8217;mperfect"},"content":{"rendered":"\n<p class=\"has-text-align-center\">Wenn Sie in den Spiegel schauen, erkennen Sie dann Ihre Einzigartigkeit?<br>Ihre Sch\u00f6nheit, die Sie immer begleitet hat, muss mit der Zeit vielleicht erweckt werden, um ihre Authentizit\u00e4t wiederzuentdecken.<br>Deshalb bietet IBSA Derma einen Weg, der Ihre Haut und Ihre Gesichtsz\u00fcge respektiert und Ihnen hilft, die Sch\u00f6nheit Ihrer Gesichtsz\u00fcge wieder ins Gleichgewicht zu bringen und zu harmonisieren.<\/p>\n\n\n\n<div style=\"height:75px\" aria-hidden=\"true\" class=\"wp-block-spacer\"><\/div>\n\n\n<div class=\"wp-block-image\">\n<figure class=\"aligncenter size-large\"><img loading=\"lazy\" decoding=\"async\" width=\"1024\" height=\"763\" src=\"https:\/\/www.ibsaderma.de\/wp-content\/uploads\/2024\/02\/IMPERFECT_0687-1024x763.jpg\" alt=\"\" class=\"wp-image-4334\" srcset=\"https:\/\/www.ibsaderma.de\/wp-content\/uploads\/2024\/02\/IMPERFECT_0687-1024x763.jpg 1024w, https:\/\/www.ibsaderma.de\/wp-content\/uploads\/2024\/02\/IMPERFECT_0687-300x224.jpg 300w, https:\/\/www.ibsaderma.de\/wp-content\/uploads\/2024\/02\/IMPERFECT_0687-768x573.jpg 768w, https:\/\/www.ibsaderma.de\/wp-content\/uploads\/2024\/02\/IMPERFECT_0687-1536x1145.jpg 1536w, https:\/\/www.ibsaderma.de\/wp-content\/uploads\/2024\/02\/IMPERFECT_0687-2048x1527.jpg 2048w\" sizes=\"auto, (max-width: 1024px) 100vw, 1024px\" \/><\/figure><\/div>\n\n\n<div style=\"height:25px\" aria-hidden=\"true\" class=\"wp-block-spacer\"><\/div>\n\n\n\n<p class=\"has-text-align-center\">I&#8217;MPERFECT ist eine Perspektive der Sch\u00f6nheit im Laufe der Zeit, ausgedr\u00fcckt im Gesicht.<\/p>\n","protected":false},"excerpt":{"rendered":"<p>Wenn Sie in den Spiegel schauen, erkennen Sie dann Ihre Einzigartigkeit?Ihre Sch\u00f6nheit, die Sie immer begleitet hat, muss mit der Zeit vielleicht erweckt werden, um ihre Authentizit\u00e4t wiederzuentdecken.Deshalb bietet IBSA Derma einen Weg, der Ihre Haut und Ihre Gesichtsz\u00fcge respektiert und Ihnen hilft, die Sch\u00f6nheit Ihrer Gesichtsz\u00fcge wieder ins Gleichgewicht zu bringen und zu harmonisieren. [&hellip;]<\/p>\n","protected":false},"author":47,"featured_media":0,"parent":0,"menu_order":0,"comment_status":"closed","ping_status":"closed","template":"template-landingpage-imperfect.php","meta":{"_acf_changed":false,"inline_featured_image":false,"footnotes":""},"class_list":["post-5706","page","type-page","status-publish","hentry"],"acf":[],"yoast_head":"<!-- This site is optimized with the Yoast SEO plugin v25.4 - https:\/\/yoast.com\/wordpress\/plugins\/seo\/ -->\n<title>I&#039;mperfect | IBSA Derma<\/title>\n<meta name=\"robots\" content=\"index, follow, max-snippet:-1, max-image-preview:large, max-video-preview:-1\" \/>\n<link rel=\"canonical\" href=\"https:\/\/www.ibsaderma.de\/de\/imperfect\/\" \/>\n<meta property=\"og:locale\" content=\"de_DE\" \/>\n<meta property=\"og:type\" content=\"article\" \/>\n<meta property=\"og:title\" content=\"I&#039;mperfect | IBSA Derma\" \/>\n<meta property=\"og:description\" content=\"Wenn Sie in den Spiegel schauen, erkennen Sie dann Ihre Einzigartigkeit?Ihre Sch\u00f6nheit, die Sie immer begleitet hat, muss mit der Zeit vielleicht erweckt werden, um ihre Authentizit\u00e4t wiederzuentdecken.Deshalb bietet IBSA Derma einen Weg, der Ihre Haut und Ihre Gesichtsz\u00fcge respektiert und Ihnen hilft, die Sch\u00f6nheit Ihrer Gesichtsz\u00fcge wieder ins Gleichgewicht zu bringen und zu harmonisieren. [&hellip;]\" \/>\n<meta property=\"og:url\" content=\"https:\/\/www.ibsaderma.de\/de\/imperfect\/\" \/>\n<meta property=\"og:site_name\" content=\"IBSA Derma\" \/>\n<meta property=\"article:publisher\" content=\"https:\/\/www.facebook.com\/ibsaderma\/\" \/>\n<meta property=\"article:modified_time\" content=\"2025-07-14T14:47:42+00:00\" \/>\n<meta property=\"og:image\" content=\"https:\/\/www.ibsaderma.de\/wp-content\/uploads\/2024\/02\/IMPERFECT_0687.jpg\" \/>\n\t<meta property=\"og:image:width\" content=\"2500\" \/>\n\t<meta property=\"og:image:height\" content=\"1864\" \/>\n\t<meta property=\"og:image:type\" content=\"image\/jpeg\" \/>\n<meta name=\"twitter:card\" content=\"summary_large_image\" \/>\n<meta name=\"twitter:label1\" content=\"Gesch\u00e4tzte Lesezeit\" \/>\n\t<meta name=\"twitter:data1\" content=\"1\u00a0Minute\" \/>\n<script type=\"application\/ld+json\" class=\"yoast-schema-graph\">{\"@context\":\"https:\/\/schema.org\",\"@graph\":[{\"@type\":\"WebPage\",\"@id\":\"https:\/\/www.ibsaderma.de\/de\/imperfect\/\",\"url\":\"https:\/\/www.ibsaderma.de\/de\/imperfect\/\",\"name\":\"I'mperfect | IBSA Derma\",\"isPartOf\":{\"@id\":\"https:\/\/www.ibsaderma.de\/de\/#website\"},\"primaryImageOfPage\":{\"@id\":\"https:\/\/www.ibsaderma.de\/de\/imperfect\/#primaryimage\"},\"image\":{\"@id\":\"https:\/\/www.ibsaderma.de\/de\/imperfect\/#primaryimage\"},\"thumbnailUrl\":\"https:\/\/www.ibsaderma.de\/wp-content\/uploads\/2024\/02\/IMPERFECT_0687-1024x763.jpg\",\"datePublished\":\"2023-06-13T13:10:22+00:00\",\"dateModified\":\"2025-07-14T14:47:42+00:00\",\"breadcrumb\":{\"@id\":\"https:\/\/www.ibsaderma.de\/de\/imperfect\/#breadcrumb\"},\"inLanguage\":\"de\",\"potentialAction\":[{\"@type\":\"ReadAction\",\"target\":[\"https:\/\/www.ibsaderma.de\/de\/imperfect\/\"]}]},{\"@type\":\"ImageObject\",\"inLanguage\":\"de\",\"@id\":\"https:\/\/www.ibsaderma.de\/de\/imperfect\/#primaryimage\",\"url\":\"https:\/\/www.ibsaderma.de\/wp-content\/uploads\/2024\/02\/IMPERFECT_0687-1024x763.jpg\",\"contentUrl\":\"https:\/\/www.ibsaderma.de\/wp-content\/uploads\/2024\/02\/IMPERFECT_0687-1024x763.jpg\"},{\"@type\":\"BreadcrumbList\",\"@id\":\"https:\/\/www.ibsaderma.de\/de\/imperfect\/#breadcrumb\",\"itemListElement\":[{\"@type\":\"ListItem\",\"position\":1,\"name\":\"Home\",\"item\":\"https:\/\/www.ibsaderma.de\/de\/\"},{\"@type\":\"ListItem\",\"position\":2,\"name\":\"I&#8217;mperfect\"}]},{\"@type\":\"WebSite\",\"@id\":\"https:\/\/www.ibsaderma.de\/de\/#website\",\"url\":\"https:\/\/www.ibsaderma.de\/de\/\",\"name\":\"IBSA Derma\",\"description\":\"\",\"publisher\":{\"@id\":\"https:\/\/www.ibsaderma.de\/de\/#organization\"},\"potentialAction\":[{\"@type\":\"SearchAction\",\"target\":{\"@type\":\"EntryPoint\",\"urlTemplate\":\"https:\/\/www.ibsaderma.de\/de\/?s={search_term_string}\"},\"query-input\":{\"@type\":\"PropertyValueSpecification\",\"valueRequired\":true,\"valueName\":\"search_term_string\"}}],\"inLanguage\":\"de\"},{\"@type\":\"Organization\",\"@id\":\"https:\/\/www.ibsaderma.de\/de\/#organization\",\"name\":\"IBSA DERMA\",\"url\":\"https:\/\/www.ibsaderma.de\/de\/\",\"logo\":{\"@type\":\"ImageObject\",\"inLanguage\":\"de\",\"@id\":\"https:\/\/www.ibsaderma.de\/de\/#\/schema\/logo\/image\/\",\"url\":\"https:\/\/www.ibsaderma.de\/wp-content\/uploads\/2020\/04\/logo-ibsaderma.png\",\"contentUrl\":\"https:\/\/www.ibsaderma.de\/wp-content\/uploads\/2020\/04\/logo-ibsaderma.png\",\"width\":290,\"height\":75,\"caption\":\"IBSA DERMA\"},\"image\":{\"@id\":\"https:\/\/www.ibsaderma.de\/de\/#\/schema\/logo\/image\/\"},\"sameAs\":[\"https:\/\/www.facebook.com\/ibsaderma\/\",\"https:\/\/www.instagram.com\/ibsa_derma_italia\/\"]}]}<\/script>\n<!-- \/ Yoast SEO plugin. -->","yoast_head_json":{"title":"I'mperfect | IBSA Derma","robots":{"index":"index","follow":"follow","max-snippet":"max-snippet:-1","max-image-preview":"max-image-preview:large","max-video-preview":"max-video-preview:-1"},"canonical":"https:\/\/www.ibsaderma.de\/de\/imperfect\/","og_locale":"de_DE","og_type":"article","og_title":"I'mperfect | IBSA Derma","og_description":"Wenn Sie in den Spiegel schauen, erkennen Sie dann Ihre Einzigartigkeit?Ihre Sch\u00f6nheit, die Sie immer begleitet hat, muss mit der Zeit vielleicht erweckt werden, um ihre Authentizit\u00e4t wiederzuentdecken.Deshalb bietet IBSA Derma einen Weg, der Ihre Haut und Ihre Gesichtsz\u00fcge respektiert und Ihnen hilft, die Sch\u00f6nheit Ihrer Gesichtsz\u00fcge wieder ins Gleichgewicht zu bringen und zu harmonisieren. [&hellip;]","og_url":"https:\/\/www.ibsaderma.de\/de\/imperfect\/","og_site_name":"IBSA Derma","article_publisher":"https:\/\/www.facebook.com\/ibsaderma\/","article_modified_time":"2025-07-14T14:47:42+00:00","og_image":[{"width":2500,"height":1864,"url":"https:\/\/www.ibsaderma.de\/wp-content\/uploads\/2024\/02\/IMPERFECT_0687.jpg","type":"image\/jpeg"}],"twitter_card":"summary_large_image","twitter_misc":{"Gesch\u00e4tzte Lesezeit":"1\u00a0Minute"},"schema":{"@context":"https:\/\/schema.org","@graph":[{"@type":"WebPage","@id":"https:\/\/www.ibsaderma.de\/de\/imperfect\/","url":"https:\/\/www.ibsaderma.de\/de\/imperfect\/","name":"I'mperfect | IBSA Derma","isPartOf":{"@id":"https:\/\/www.ibsaderma.de\/de\/#website"},"primaryImageOfPage":{"@id":"https:\/\/www.ibsaderma.de\/de\/imperfect\/#primaryimage"},"image":{"@id":"https:\/\/www.ibsaderma.de\/de\/imperfect\/#primaryimage"},"thumbnailUrl":"https:\/\/www.ibsaderma.de\/wp-content\/uploads\/2024\/02\/IMPERFECT_0687-1024x763.jpg","datePublished":"2023-06-13T13:10:22+00:00","dateModified":"2025-07-14T14:47:42+00:00","breadcrumb":{"@id":"https:\/\/www.ibsaderma.de\/de\/imperfect\/#breadcrumb"},"inLanguage":"de","potentialAction":[{"@type":"ReadAction","target":["https:\/\/www.ibsaderma.de\/de\/imperfect\/"]}]},{"@type":"ImageObject","inLanguage":"de","@id":"https:\/\/www.ibsaderma.de\/de\/imperfect\/#primaryimage","url":"https:\/\/www.ibsaderma.de\/wp-content\/uploads\/2024\/02\/IMPERFECT_0687-1024x763.jpg","contentUrl":"https:\/\/www.ibsaderma.de\/wp-content\/uploads\/2024\/02\/IMPERFECT_0687-1024x763.jpg"},{"@type":"BreadcrumbList","@id":"https:\/\/www.ibsaderma.de\/de\/imperfect\/#breadcrumb","itemListElement":[{"@type":"ListItem","position":1,"name":"Home","item":"https:\/\/www.ibsaderma.de\/de\/"},{"@type":"ListItem","position":2,"name":"I&#8217;mperfect"}]},{"@type":"WebSite","@id":"https:\/\/www.ibsaderma.de\/de\/#website","url":"https:\/\/www.ibsaderma.de\/de\/","name":"IBSA Derma","description":"","publisher":{"@id":"https:\/\/www.ibsaderma.de\/de\/#organization"},"potentialAction":[{"@type":"SearchAction","target":{"@type":"EntryPoint","urlTemplate":"https:\/\/www.ibsaderma.de\/de\/?s={search_term_string}"},"query-input":{"@type":"PropertyValueSpecification","valueRequired":true,"valueName":"search_term_string"}}],"inLanguage":"de"},{"@type":"Organization","@id":"https:\/\/www.ibsaderma.de\/de\/#organization","name":"IBSA DERMA","url":"https:\/\/www.ibsaderma.de\/de\/","logo":{"@type":"ImageObject","inLanguage":"de","@id":"https:\/\/www.ibsaderma.de\/de\/#\/schema\/logo\/image\/","url":"https:\/\/www.ibsaderma.de\/wp-content\/uploads\/2020\/04\/logo-ibsaderma.png","contentUrl":"https:\/\/www.ibsaderma.de\/wp-content\/uploads\/2020\/04\/logo-ibsaderma.png","width":290,"height":75,"caption":"IBSA DERMA"},"image":{"@id":"https:\/\/www.ibsaderma.de\/de\/#\/schema\/logo\/image\/"},"sameAs":["https:\/\/www.facebook.com\/ibsaderma\/","https:\/\/www.instagram.com\/ibsa_derma_italia\/"]}]}},"_links":{"self":[{"href":"https:\/\/www.ibsaderma.de\/de\/wp-json\/wp\/v2\/pages\/5706","targetHints":{"allow":["GET"]}}],"collection":[{"href":"https:\/\/www.ibsaderma.de\/de\/wp-json\/wp\/v2\/pages"}],"about":[{"href":"https:\/\/www.ibsaderma.de\/de\/wp-json\/wp\/v2\/types\/page"}],"author":[{"embeddable":true,"href":"https:\/\/www.ibsaderma.de\/de\/wp-json\/wp\/v2\/users\/47"}],"replies":[{"embeddable":true,"href":"https:\/\/www.ibsaderma.de\/de\/wp-json\/wp\/v2\/comments?post=5706"}],"version-history":[{"count":3,"href":"https:\/\/www.ibsaderma.de\/de\/wp-json\/wp\/v2\/pages\/5706\/revisions"}],"predecessor-version":[{"id":6042,"href":"https:\/\/www.ibsaderma.de\/de\/wp-json\/wp\/v2\/pages\/5706\/revisions\/6042"}],"wp:attachment":[{"href":"https:\/\/www.ibsaderma.de\/de\/wp-json\/wp\/v2\/media?parent=5706"}],"curies":[{"name":"wp","href":"https:\/\/api.w.org\/{rel}","templated":true}]}}