{"id":5702,"date":"2020-03-15T17:49:42","date_gmt":"2020-03-15T16:49:42","guid":{"rendered":"https:\/\/staging.ibsaderma.de\/gesicht-hals\/periocular-zone\/"},"modified":"2025-06-05T09:12:36","modified_gmt":"2025-06-05T07:12:36","slug":"periokulare-zone","status":"publish","type":"page","link":"https:\/\/www.ibsaderma.de\/de\/gesicht-hals\/periokulare-zone\/","title":{"rendered":"Periokul\u00e4re Zone"},"content":{"rendered":"\n<p>Die Erhaltung von Spannkraft und Frische der Augenpartie ist unerl\u00e4sslich. Mit der Reinheit der Hyalurons\u00e4ure erh\u00e4lt die Sch\u00f6nheit den strahlenden Glanz, den sie verdient.<\/p>\n","protected":false},"excerpt":{"rendered":"<p>Die Erhaltung von Spannkraft und Frische der Augenpartie ist unerl\u00e4sslich. Mit der Reinheit der Hyalurons\u00e4ure erh\u00e4lt die Sch\u00f6nheit den strahlenden Glanz, den sie verdient.<\/p>\n","protected":false},"author":47,"featured_media":5428,"parent":5685,"menu_order":0,"comment_status":"closed","ping_status":"closed","template":"template-treatments-areas-child.php","meta":{"_acf_changed":false,"inline_featured_image":false,"footnotes":""},"class_list":["post-5702","page","type-page","status-publish","has-post-thumbnail","hentry"],"acf":[],"yoast_head":"<!-- This site is optimized with the Yoast SEO plugin v25.4 - https:\/\/yoast.com\/wordpress\/plugins\/seo\/ -->\n<title>Periokul\u00e4re Zone | IBSA Derma<\/title>\n<meta name=\"robots\" content=\"index, follow, max-snippet:-1, max-image-preview:large, max-video-preview:-1\" \/>\n<link rel=\"canonical\" href=\"https:\/\/www.ibsaderma.de\/de\/gesicht-hals\/periokulare-zone\/\" \/>\n<meta property=\"og:locale\" content=\"de_DE\" \/>\n<meta property=\"og:type\" content=\"article\" \/>\n<meta property=\"og:title\" content=\"L&#039;acido ialuronico per il contorno occhi | IBSA DERMA\" \/>\n<meta property=\"og:description\" content=\"La purezza del nostro acido ialuronico riesce ad illuminare la naturale belezza del vostro controno occhi, contrastando occhiaie, rughe, borse e gonfiori.\" \/>\n<meta property=\"og:url\" content=\"https:\/\/www.ibsaderma.de\/de\/gesicht-hals\/periokulare-zone\/\" \/>\n<meta property=\"og:site_name\" content=\"IBSA Derma\" \/>\n<meta property=\"article:publisher\" content=\"https:\/\/www.facebook.com\/ibsaderma\/\" \/>\n<meta property=\"article:modified_time\" content=\"2025-06-05T07:12:36+00:00\" \/>\n<meta name=\"twitter:card\" content=\"summary_large_image\" \/>\n<meta name=\"twitter:title\" content=\"L&#039;acido ialuronico per il contorno occhi | IBSA DERMA\" \/>\n<meta name=\"twitter:description\" content=\"La purezza del nostro acido ialuronico riesce ad illuminare la naturale belezza del vostro controno occhi, contrastando occhiaie, rughe, borse e gonfiori.\" \/>\n<meta name=\"twitter:label1\" content=\"Gesch\u00e4tzte Lesezeit\" \/>\n\t<meta name=\"twitter:data1\" content=\"1\u00a0Minute\" \/>\n<script type=\"application\/ld+json\" class=\"yoast-schema-graph\">{\"@context\":\"https:\/\/schema.org\",\"@graph\":[{\"@type\":\"WebPage\",\"@id\":\"https:\/\/www.ibsaderma.de\/de\/gesicht-hals\/periokulare-zone\/\",\"url\":\"https:\/\/www.ibsaderma.de\/de\/gesicht-hals\/periokulare-zone\/\",\"name\":\"Periokul\u00e4re Zone | IBSA Derma\",\"isPartOf\":{\"@id\":\"https:\/\/www.ibsaderma.de\/de\/#website\"},\"primaryImageOfPage\":{\"@id\":\"https:\/\/www.ibsaderma.de\/de\/gesicht-hals\/periokulare-zone\/#primaryimage\"},\"image\":{\"@id\":\"https:\/\/www.ibsaderma.de\/de\/gesicht-hals\/periokulare-zone\/#primaryimage\"},\"thumbnailUrl\":\"https:\/\/www.ibsaderma.de\/wp-content\/uploads\/2024\/07\/Eyes_1920x1080.jpg\",\"datePublished\":\"2020-03-15T16:49:42+00:00\",\"dateModified\":\"2025-06-05T07:12:36+00:00\",\"breadcrumb\":{\"@id\":\"https:\/\/www.ibsaderma.de\/de\/gesicht-hals\/periokulare-zone\/#breadcrumb\"},\"inLanguage\":\"de\",\"potentialAction\":[{\"@type\":\"ReadAction\",\"target\":[\"https:\/\/www.ibsaderma.de\/de\/gesicht-hals\/periokulare-zone\/\"]}]},{\"@type\":\"ImageObject\",\"inLanguage\":\"de\",\"@id\":\"https:\/\/www.ibsaderma.de\/de\/gesicht-hals\/periokulare-zone\/#primaryimage\",\"url\":\"https:\/\/www.ibsaderma.de\/wp-content\/uploads\/2024\/07\/Eyes_1920x1080.jpg\",\"contentUrl\":\"https:\/\/www.ibsaderma.de\/wp-content\/uploads\/2024\/07\/Eyes_1920x1080.jpg\",\"width\":1920,\"height\":1080},{\"@type\":\"BreadcrumbList\",\"@id\":\"https:\/\/www.ibsaderma.de\/de\/gesicht-hals\/periokulare-zone\/#breadcrumb\",\"itemListElement\":[{\"@type\":\"ListItem\",\"position\":1,\"name\":\"Home\",\"item\":\"https:\/\/www.ibsaderma.de\/de\/\"},{\"@type\":\"ListItem\",\"position\":2,\"name\":\"Gesicht &amp; Hals\",\"item\":\"https:\/\/www.ibsaderma.de\/de\/gesicht-hals\/\"},{\"@type\":\"ListItem\",\"position\":3,\"name\":\"Periokul\u00e4re Zone\"}]},{\"@type\":\"WebSite\",\"@id\":\"https:\/\/www.ibsaderma.de\/de\/#website\",\"url\":\"https:\/\/www.ibsaderma.de\/de\/\",\"name\":\"IBSA Derma\",\"description\":\"\",\"publisher\":{\"@id\":\"https:\/\/www.ibsaderma.de\/de\/#organization\"},\"potentialAction\":[{\"@type\":\"SearchAction\",\"target\":{\"@type\":\"EntryPoint\",\"urlTemplate\":\"https:\/\/www.ibsaderma.de\/de\/?s={search_term_string}\"},\"query-input\":{\"@type\":\"PropertyValueSpecification\",\"valueRequired\":true,\"valueName\":\"search_term_string\"}}],\"inLanguage\":\"de\"},{\"@type\":\"Organization\",\"@id\":\"https:\/\/www.ibsaderma.de\/de\/#organization\",\"name\":\"IBSA DERMA\",\"url\":\"https:\/\/www.ibsaderma.de\/de\/\",\"logo\":{\"@type\":\"ImageObject\",\"inLanguage\":\"de\",\"@id\":\"https:\/\/www.ibsaderma.de\/de\/#\/schema\/logo\/image\/\",\"url\":\"https:\/\/www.ibsaderma.de\/wp-content\/uploads\/2020\/04\/logo-ibsaderma.png\",\"contentUrl\":\"https:\/\/www.ibsaderma.de\/wp-content\/uploads\/2020\/04\/logo-ibsaderma.png\",\"width\":290,\"height\":75,\"caption\":\"IBSA DERMA\"},\"image\":{\"@id\":\"https:\/\/www.ibsaderma.de\/de\/#\/schema\/logo\/image\/\"},\"sameAs\":[\"https:\/\/www.facebook.com\/ibsaderma\/\",\"https:\/\/www.instagram.com\/ibsa_derma_italia\/\"]}]}<\/script>\n<!-- \/ Yoast SEO plugin. -->","yoast_head_json":{"title":"Periokul\u00e4re Zone | IBSA Derma","robots":{"index":"index","follow":"follow","max-snippet":"max-snippet:-1","max-image-preview":"max-image-preview:large","max-video-preview":"max-video-preview:-1"},"canonical":"https:\/\/www.ibsaderma.de\/de\/gesicht-hals\/periokulare-zone\/","og_locale":"de_DE","og_type":"article","og_title":"L'acido ialuronico per il contorno occhi | IBSA DERMA","og_description":"La purezza del nostro acido ialuronico riesce ad illuminare la naturale belezza del vostro controno occhi, contrastando occhiaie, rughe, borse e gonfiori.","og_url":"https:\/\/www.ibsaderma.de\/de\/gesicht-hals\/periokulare-zone\/","og_site_name":"IBSA Derma","article_publisher":"https:\/\/www.facebook.com\/ibsaderma\/","article_modified_time":"2025-06-05T07:12:36+00:00","twitter_card":"summary_large_image","twitter_title":"L'acido ialuronico per il contorno occhi | IBSA DERMA","twitter_description":"La purezza del nostro acido ialuronico riesce ad illuminare la naturale belezza del vostro controno occhi, contrastando occhiaie, rughe, borse e gonfiori.","twitter_misc":{"Gesch\u00e4tzte Lesezeit":"1\u00a0Minute"},"schema":{"@context":"https:\/\/schema.org","@graph":[{"@type":"WebPage","@id":"https:\/\/www.ibsaderma.de\/de\/gesicht-hals\/periokulare-zone\/","url":"https:\/\/www.ibsaderma.de\/de\/gesicht-hals\/periokulare-zone\/","name":"Periokul\u00e4re Zone | IBSA Derma","isPartOf":{"@id":"https:\/\/www.ibsaderma.de\/de\/#website"},"primaryImageOfPage":{"@id":"https:\/\/www.ibsaderma.de\/de\/gesicht-hals\/periokulare-zone\/#primaryimage"},"image":{"@id":"https:\/\/www.ibsaderma.de\/de\/gesicht-hals\/periokulare-zone\/#primaryimage"},"thumbnailUrl":"https:\/\/www.ibsaderma.de\/wp-content\/uploads\/2024\/07\/Eyes_1920x1080.jpg","datePublished":"2020-03-15T16:49:42+00:00","dateModified":"2025-06-05T07:12:36+00:00","breadcrumb":{"@id":"https:\/\/www.ibsaderma.de\/de\/gesicht-hals\/periokulare-zone\/#breadcrumb"},"inLanguage":"de","potentialAction":[{"@type":"ReadAction","target":["https:\/\/www.ibsaderma.de\/de\/gesicht-hals\/periokulare-zone\/"]}]},{"@type":"ImageObject","inLanguage":"de","@id":"https:\/\/www.ibsaderma.de\/de\/gesicht-hals\/periokulare-zone\/#primaryimage","url":"https:\/\/www.ibsaderma.de\/wp-content\/uploads\/2024\/07\/Eyes_1920x1080.jpg","contentUrl":"https:\/\/www.ibsaderma.de\/wp-content\/uploads\/2024\/07\/Eyes_1920x1080.jpg","width":1920,"height":1080},{"@type":"BreadcrumbList","@id":"https:\/\/www.ibsaderma.de\/de\/gesicht-hals\/periokulare-zone\/#breadcrumb","itemListElement":[{"@type":"ListItem","position":1,"name":"Home","item":"https:\/\/www.ibsaderma.de\/de\/"},{"@type":"ListItem","position":2,"name":"Gesicht &amp; Hals","item":"https:\/\/www.ibsaderma.de\/de\/gesicht-hals\/"},{"@type":"ListItem","position":3,"name":"Periokul\u00e4re Zone"}]},{"@type":"WebSite","@id":"https:\/\/www.ibsaderma.de\/de\/#website","url":"https:\/\/www.ibsaderma.de\/de\/","name":"IBSA Derma","description":"","publisher":{"@id":"https:\/\/www.ibsaderma.de\/de\/#organization"},"potentialAction":[{"@type":"SearchAction","target":{"@type":"EntryPoint","urlTemplate":"https:\/\/www.ibsaderma.de\/de\/?s={search_term_string}"},"query-input":{"@type":"PropertyValueSpecification","valueRequired":true,"valueName":"search_term_string"}}],"inLanguage":"de"},{"@type":"Organization","@id":"https:\/\/www.ibsaderma.de\/de\/#organization","name":"IBSA DERMA","url":"https:\/\/www.ibsaderma.de\/de\/","logo":{"@type":"ImageObject","inLanguage":"de","@id":"https:\/\/www.ibsaderma.de\/de\/#\/schema\/logo\/image\/","url":"https:\/\/www.ibsaderma.de\/wp-content\/uploads\/2020\/04\/logo-ibsaderma.png","contentUrl":"https:\/\/www.ibsaderma.de\/wp-content\/uploads\/2020\/04\/logo-ibsaderma.png","width":290,"height":75,"caption":"IBSA DERMA"},"image":{"@id":"https:\/\/www.ibsaderma.de\/de\/#\/schema\/logo\/image\/"},"sameAs":["https:\/\/www.facebook.com\/ibsaderma\/","https:\/\/www.instagram.com\/ibsa_derma_italia\/"]}]}},"_links":{"self":[{"href":"https:\/\/www.ibsaderma.de\/de\/wp-json\/wp\/v2\/pages\/5702","targetHints":{"allow":["GET"]}}],"collection":[{"href":"https:\/\/www.ibsaderma.de\/de\/wp-json\/wp\/v2\/pages"}],"about":[{"href":"https:\/\/www.ibsaderma.de\/de\/wp-json\/wp\/v2\/types\/page"}],"author":[{"embeddable":true,"href":"https:\/\/www.ibsaderma.de\/de\/wp-json\/wp\/v2\/users\/47"}],"replies":[{"embeddable":true,"href":"https:\/\/www.ibsaderma.de\/de\/wp-json\/wp\/v2\/comments?post=5702"}],"version-history":[{"count":3,"href":"https:\/\/www.ibsaderma.de\/de\/wp-json\/wp\/v2\/pages\/5702\/revisions"}],"predecessor-version":[{"id":5792,"href":"https:\/\/www.ibsaderma.de\/de\/wp-json\/wp\/v2\/pages\/5702\/revisions\/5792"}],"up":[{"embeddable":true,"href":"https:\/\/www.ibsaderma.de\/de\/wp-json\/wp\/v2\/pages\/5685"}],"wp:featuredmedia":[{"embeddable":true,"href":"https:\/\/www.ibsaderma.de\/de\/wp-json\/wp\/v2\/media\/5428"}],"wp:attachment":[{"href":"https:\/\/www.ibsaderma.de\/de\/wp-json\/wp\/v2\/media?parent=5702"}],"curies":[{"name":"wp","href":"https:\/\/api.w.org\/{rel}","templated":true}]}}