{"id":5680,"date":"2022-07-14T12:42:43","date_gmt":"2022-07-14T10:42:43","guid":{"rendered":"https:\/\/staging.ibsaderma.de\/egolips\/"},"modified":"2025-06-10T16:49:59","modified_gmt":"2025-06-10T14:49:59","slug":"egolips","status":"publish","type":"page","link":"https:\/\/www.ibsaderma.de\/de\/egolips\/","title":{"rendered":"Egolips"},"content":{"rendered":"\n<div class=\"wp-block-group\"><div class=\"wp-block-group__inner-container is-layout-flow wp-block-group-is-layout-flow\">\n<p class=\"has-text-align-center\">Alles, was wir f\u00fchlen, dr\u00fcckt sich im Gesicht aus, vor allem die Lippen, <strong>die viel \u00fcber uns aussagen k\u00f6nnen<\/strong>.<\/p>\n\n\n\n<p class=\"has-text-align-center\"><br>Jeden Tag zeigen die Lippen unser EGO, das sich aus einzigartigen Emotionen und Erfahrungen zusammensetzt. Dank IBSA Derma ist es nun m\u00f6glich, sie zu versch\u00f6nern und ihre Einzigartigkeit zu betonen.<\/p>\n<\/div><\/div>\n","protected":false},"excerpt":{"rendered":"<p>Alles, was wir f\u00fchlen, dr\u00fcckt sich im Gesicht aus, vor allem die Lippen, die viel \u00fcber uns aussagen k\u00f6nnen. Jeden Tag zeigen die Lippen unser EGO, das sich aus einzigartigen Emotionen und Erfahrungen zusammensetzt. Dank IBSA Derma ist es nun m\u00f6glich, sie zu versch\u00f6nern und ihre Einzigartigkeit zu betonen.<\/p>\n","protected":false},"author":47,"featured_media":5040,"parent":0,"menu_order":0,"comment_status":"closed","ping_status":"closed","template":"template-landingpage-egolips.php","meta":{"_acf_changed":false,"inline_featured_image":false,"footnotes":""},"class_list":["post-5680","page","type-page","status-publish","has-post-thumbnail","hentry"],"acf":[],"yoast_head":"<!-- This site is optimized with the Yoast SEO plugin v25.4 - https:\/\/yoast.com\/wordpress\/plugins\/seo\/ -->\n<title>Egolips | IBSA Derma<\/title>\n<meta name=\"robots\" content=\"index, follow, max-snippet:-1, max-image-preview:large, max-video-preview:-1\" \/>\n<link rel=\"canonical\" href=\"https:\/\/www.ibsaderma.de\/de\/egolips\/\" \/>\n<meta property=\"og:locale\" content=\"de_DE\" \/>\n<meta property=\"og:type\" content=\"article\" \/>\n<meta property=\"og:title\" content=\"Egolips | IBSA Derma\" \/>\n<meta property=\"og:description\" content=\"Alles, was wir f\u00fchlen, dr\u00fcckt sich im Gesicht aus, vor allem die Lippen, die viel \u00fcber uns aussagen k\u00f6nnen. Jeden Tag zeigen die Lippen unser EGO, das sich aus einzigartigen Emotionen und Erfahrungen zusammensetzt. Dank IBSA Derma ist es nun m\u00f6glich, sie zu versch\u00f6nern und ihre Einzigartigkeit zu betonen.\" \/>\n<meta property=\"og:url\" content=\"https:\/\/www.ibsaderma.de\/de\/egolips\/\" \/>\n<meta property=\"og:site_name\" content=\"IBSA Derma\" \/>\n<meta property=\"article:publisher\" content=\"https:\/\/www.facebook.com\/ibsaderma\/\" \/>\n<meta property=\"article:modified_time\" content=\"2025-06-10T14:49:59+00:00\" \/>\n<meta property=\"og:image\" content=\"https:\/\/www.ibsaderma.de\/wp-content\/uploads\/2021\/10\/1920x493_visore_sito.jpg\" \/>\n\t<meta property=\"og:image:width\" content=\"1920\" \/>\n\t<meta property=\"og:image:height\" content=\"493\" \/>\n\t<meta property=\"og:image:type\" content=\"image\/jpeg\" \/>\n<meta name=\"twitter:card\" content=\"summary_large_image\" \/>\n<meta name=\"twitter:label1\" content=\"Gesch\u00e4tzte Lesezeit\" \/>\n\t<meta name=\"twitter:data1\" content=\"1\u00a0Minute\" \/>\n<script type=\"application\/ld+json\" class=\"yoast-schema-graph\">{\"@context\":\"https:\/\/schema.org\",\"@graph\":[{\"@type\":\"WebPage\",\"@id\":\"https:\/\/www.ibsaderma.de\/de\/egolips\/\",\"url\":\"https:\/\/www.ibsaderma.de\/de\/egolips\/\",\"name\":\"Egolips | IBSA Derma\",\"isPartOf\":{\"@id\":\"https:\/\/www.ibsaderma.de\/de\/#website\"},\"primaryImageOfPage\":{\"@id\":\"https:\/\/www.ibsaderma.de\/de\/egolips\/#primaryimage\"},\"image\":{\"@id\":\"https:\/\/www.ibsaderma.de\/de\/egolips\/#primaryimage\"},\"thumbnailUrl\":\"https:\/\/www.ibsaderma.de\/wp-content\/uploads\/2021\/10\/1920x493_visore_sito.jpg\",\"datePublished\":\"2022-07-14T10:42:43+00:00\",\"dateModified\":\"2025-06-10T14:49:59+00:00\",\"breadcrumb\":{\"@id\":\"https:\/\/www.ibsaderma.de\/de\/egolips\/#breadcrumb\"},\"inLanguage\":\"de\",\"potentialAction\":[{\"@type\":\"ReadAction\",\"target\":[\"https:\/\/www.ibsaderma.de\/de\/egolips\/\"]}]},{\"@type\":\"ImageObject\",\"inLanguage\":\"de\",\"@id\":\"https:\/\/www.ibsaderma.de\/de\/egolips\/#primaryimage\",\"url\":\"https:\/\/www.ibsaderma.de\/wp-content\/uploads\/2021\/10\/1920x493_visore_sito.jpg\",\"contentUrl\":\"https:\/\/www.ibsaderma.de\/wp-content\/uploads\/2021\/10\/1920x493_visore_sito.jpg\",\"width\":1920,\"height\":493},{\"@type\":\"BreadcrumbList\",\"@id\":\"https:\/\/www.ibsaderma.de\/de\/egolips\/#breadcrumb\",\"itemListElement\":[{\"@type\":\"ListItem\",\"position\":1,\"name\":\"Home\",\"item\":\"https:\/\/www.ibsaderma.de\/de\/\"},{\"@type\":\"ListItem\",\"position\":2,\"name\":\"Egolips\"}]},{\"@type\":\"WebSite\",\"@id\":\"https:\/\/www.ibsaderma.de\/de\/#website\",\"url\":\"https:\/\/www.ibsaderma.de\/de\/\",\"name\":\"IBSA Derma\",\"description\":\"\",\"publisher\":{\"@id\":\"https:\/\/www.ibsaderma.de\/de\/#organization\"},\"potentialAction\":[{\"@type\":\"SearchAction\",\"target\":{\"@type\":\"EntryPoint\",\"urlTemplate\":\"https:\/\/www.ibsaderma.de\/de\/?s={search_term_string}\"},\"query-input\":{\"@type\":\"PropertyValueSpecification\",\"valueRequired\":true,\"valueName\":\"search_term_string\"}}],\"inLanguage\":\"de\"},{\"@type\":\"Organization\",\"@id\":\"https:\/\/www.ibsaderma.de\/de\/#organization\",\"name\":\"IBSA DERMA\",\"url\":\"https:\/\/www.ibsaderma.de\/de\/\",\"logo\":{\"@type\":\"ImageObject\",\"inLanguage\":\"de\",\"@id\":\"https:\/\/www.ibsaderma.de\/de\/#\/schema\/logo\/image\/\",\"url\":\"https:\/\/www.ibsaderma.de\/wp-content\/uploads\/2020\/04\/logo-ibsaderma.png\",\"contentUrl\":\"https:\/\/www.ibsaderma.de\/wp-content\/uploads\/2020\/04\/logo-ibsaderma.png\",\"width\":290,\"height\":75,\"caption\":\"IBSA DERMA\"},\"image\":{\"@id\":\"https:\/\/www.ibsaderma.de\/de\/#\/schema\/logo\/image\/\"},\"sameAs\":[\"https:\/\/www.facebook.com\/ibsaderma\/\",\"https:\/\/www.instagram.com\/ibsa_derma_italia\/\"]}]}<\/script>\n<!-- \/ Yoast SEO plugin. -->","yoast_head_json":{"title":"Egolips | IBSA Derma","robots":{"index":"index","follow":"follow","max-snippet":"max-snippet:-1","max-image-preview":"max-image-preview:large","max-video-preview":"max-video-preview:-1"},"canonical":"https:\/\/www.ibsaderma.de\/de\/egolips\/","og_locale":"de_DE","og_type":"article","og_title":"Egolips | IBSA Derma","og_description":"Alles, was wir f\u00fchlen, dr\u00fcckt sich im Gesicht aus, vor allem die Lippen, die viel \u00fcber uns aussagen k\u00f6nnen. Jeden Tag zeigen die Lippen unser EGO, das sich aus einzigartigen Emotionen und Erfahrungen zusammensetzt. Dank IBSA Derma ist es nun m\u00f6glich, sie zu versch\u00f6nern und ihre Einzigartigkeit zu betonen.","og_url":"https:\/\/www.ibsaderma.de\/de\/egolips\/","og_site_name":"IBSA Derma","article_publisher":"https:\/\/www.facebook.com\/ibsaderma\/","article_modified_time":"2025-06-10T14:49:59+00:00","og_image":[{"width":1920,"height":493,"url":"https:\/\/www.ibsaderma.de\/wp-content\/uploads\/2021\/10\/1920x493_visore_sito.jpg","type":"image\/jpeg"}],"twitter_card":"summary_large_image","twitter_misc":{"Gesch\u00e4tzte Lesezeit":"1\u00a0Minute"},"schema":{"@context":"https:\/\/schema.org","@graph":[{"@type":"WebPage","@id":"https:\/\/www.ibsaderma.de\/de\/egolips\/","url":"https:\/\/www.ibsaderma.de\/de\/egolips\/","name":"Egolips | IBSA Derma","isPartOf":{"@id":"https:\/\/www.ibsaderma.de\/de\/#website"},"primaryImageOfPage":{"@id":"https:\/\/www.ibsaderma.de\/de\/egolips\/#primaryimage"},"image":{"@id":"https:\/\/www.ibsaderma.de\/de\/egolips\/#primaryimage"},"thumbnailUrl":"https:\/\/www.ibsaderma.de\/wp-content\/uploads\/2021\/10\/1920x493_visore_sito.jpg","datePublished":"2022-07-14T10:42:43+00:00","dateModified":"2025-06-10T14:49:59+00:00","breadcrumb":{"@id":"https:\/\/www.ibsaderma.de\/de\/egolips\/#breadcrumb"},"inLanguage":"de","potentialAction":[{"@type":"ReadAction","target":["https:\/\/www.ibsaderma.de\/de\/egolips\/"]}]},{"@type":"ImageObject","inLanguage":"de","@id":"https:\/\/www.ibsaderma.de\/de\/egolips\/#primaryimage","url":"https:\/\/www.ibsaderma.de\/wp-content\/uploads\/2021\/10\/1920x493_visore_sito.jpg","contentUrl":"https:\/\/www.ibsaderma.de\/wp-content\/uploads\/2021\/10\/1920x493_visore_sito.jpg","width":1920,"height":493},{"@type":"BreadcrumbList","@id":"https:\/\/www.ibsaderma.de\/de\/egolips\/#breadcrumb","itemListElement":[{"@type":"ListItem","position":1,"name":"Home","item":"https:\/\/www.ibsaderma.de\/de\/"},{"@type":"ListItem","position":2,"name":"Egolips"}]},{"@type":"WebSite","@id":"https:\/\/www.ibsaderma.de\/de\/#website","url":"https:\/\/www.ibsaderma.de\/de\/","name":"IBSA Derma","description":"","publisher":{"@id":"https:\/\/www.ibsaderma.de\/de\/#organization"},"potentialAction":[{"@type":"SearchAction","target":{"@type":"EntryPoint","urlTemplate":"https:\/\/www.ibsaderma.de\/de\/?s={search_term_string}"},"query-input":{"@type":"PropertyValueSpecification","valueRequired":true,"valueName":"search_term_string"}}],"inLanguage":"de"},{"@type":"Organization","@id":"https:\/\/www.ibsaderma.de\/de\/#organization","name":"IBSA DERMA","url":"https:\/\/www.ibsaderma.de\/de\/","logo":{"@type":"ImageObject","inLanguage":"de","@id":"https:\/\/www.ibsaderma.de\/de\/#\/schema\/logo\/image\/","url":"https:\/\/www.ibsaderma.de\/wp-content\/uploads\/2020\/04\/logo-ibsaderma.png","contentUrl":"https:\/\/www.ibsaderma.de\/wp-content\/uploads\/2020\/04\/logo-ibsaderma.png","width":290,"height":75,"caption":"IBSA DERMA"},"image":{"@id":"https:\/\/www.ibsaderma.de\/de\/#\/schema\/logo\/image\/"},"sameAs":["https:\/\/www.facebook.com\/ibsaderma\/","https:\/\/www.instagram.com\/ibsa_derma_italia\/"]}]}},"_links":{"self":[{"href":"https:\/\/www.ibsaderma.de\/de\/wp-json\/wp\/v2\/pages\/5680","targetHints":{"allow":["GET"]}}],"collection":[{"href":"https:\/\/www.ibsaderma.de\/de\/wp-json\/wp\/v2\/pages"}],"about":[{"href":"https:\/\/www.ibsaderma.de\/de\/wp-json\/wp\/v2\/types\/page"}],"author":[{"embeddable":true,"href":"https:\/\/www.ibsaderma.de\/de\/wp-json\/wp\/v2\/users\/47"}],"replies":[{"embeddable":true,"href":"https:\/\/www.ibsaderma.de\/de\/wp-json\/wp\/v2\/comments?post=5680"}],"version-history":[{"count":3,"href":"https:\/\/www.ibsaderma.de\/de\/wp-json\/wp\/v2\/pages\/5680\/revisions"}],"predecessor-version":[{"id":6000,"href":"https:\/\/www.ibsaderma.de\/de\/wp-json\/wp\/v2\/pages\/5680\/revisions\/6000"}],"wp:featuredmedia":[{"embeddable":true,"href":"https:\/\/www.ibsaderma.de\/de\/wp-json\/wp\/v2\/media\/5040"}],"wp:attachment":[{"href":"https:\/\/www.ibsaderma.de\/de\/wp-json\/wp\/v2\/media?parent=5680"}],"curies":[{"name":"wp","href":"https:\/\/api.w.org\/{rel}","templated":true}]}}